{"id":2243,"date":"2025-07-22T14:06:51","date_gmt":"2025-07-22T12:06:51","guid":{"rendered":"https:\/\/rodrigofabi.com\/politique-de-confidentialite\/"},"modified":"2025-11-05T15:31:40","modified_gmt":"2025-11-05T14:31:40","slug":"politique-de-confidentialite","status":"publish","type":"page","link":"https:\/\/rodrigofabi.com\/fr\/politique-de-confidentialite\/","title":{"rendered":"Politique de confidentialit\u00e9"},"content":{"rendered":"\n<div class=\"wp-block-uagb-container uagb-block-a346fe34 alignfull uagb-is-root-container\"><div class=\"uagb-container-inner-blocks-wrap\">\n<div class=\"wp-block-uagb-info-box uagb-block-8efca8eb uagb-infobox__content-wrap  uagb-infobox-icon-above-title uagb-infobox-image-valign-top\"><div class=\"uagb-ifb-content\"><div class=\"uagb-ifb-title-wrap\"><h1 class=\"uagb-ifb-title\">Politique de confidentialit\u00e9<\/h1><\/div><\/div><\/div>\n<\/div><\/div>\n\n<div style=\"height:60px\" aria-hidden=\"true\" class=\"wp-block-spacer\"><\/div>\n\n<div class=\"wp-block-uagb-container uagb-block-ede03218 alignfull uagb-is-root-container\"><div class=\"uagb-container-inner-blocks-wrap\">\n<p><strong>Version 3.0 \u2013 septembre 2025<\/strong><\/p>\n\n\n\n<p>Sur cette page, je vous explique comment je collecte, utilise et prot\u00e8ge les donn\u00e9es personnelles que vous saisissez lorsque vous naviguez ou me contactez via www.rodrigofabi.com. Si vous \u00eates arriv\u00e9 jusqu&rsquo;ici, je vous remercie de votre int\u00e9r\u00eat et de votre confiance. <\/p>\n\n\n\n<h2 class=\"wp-block-heading\">1. Responsable du traitement<\/h2>\n\n\n\n<ul class=\"wp-block-list\">\n<li><strong>Nom complet\u00a0:<\/strong> Rodrigo Fabi<\/li>\n\n\n\n<li><strong>Adresse \u00e9lectronique\u00a0:<\/strong> <a href=\"mailto:hola@rodrigofabi.com\">hola@rodrigofabi.com<\/a><\/li>\n\n\n\n<li><strong>Adresse professionnelle\u00a0:<\/strong> 43 Rue de l&rsquo;\u00c9galit\u00e9, 16160, Gond Pontouvre<\/li>\n\n\n\n<li><strong>N.\u00ba SIRET\u00a0:<\/strong> 99114967500019<\/li>\n\n\n\n<li><strong>Site web\u00a0:<\/strong> www.rodrigofabi.com<\/li>\n<\/ul>\n\n\n\n<p>Je suis le responsable du traitement de vos donn\u00e9es, conform\u00e9ment au R\u00e8glement g\u00e9n\u00e9ral sur la protection des donn\u00e9es (UE) 2016\/679 (RGPD) et \u00e0 la loi fran\u00e7aise sur la protection des donn\u00e9es.<\/p>\n\n\n\n<h2 class=\"wp-block-heading\">2. Quelles donn\u00e9es je collecte et \u00e0 quelles fins je les utilise<\/h2>\n\n\n\n<p>Je ne collecte que les donn\u00e9es que vous d\u00e9cidez de partager volontairement via\u00a0:<\/p>\n\n\n\n<ul class=\"wp-block-list\">\n<li><strong>Formulaires de contact\u00a0:<\/strong> pour r\u00e9pondre \u00e0 vos questions ou demandes et, si vous donnez votre consentement expr\u00e8s, pour vous envoyer des communications relatives \u00e0 mes services d&rsquo;automatisation et d&rsquo;intelligence artificielle. Ces communications peuvent inclure des nouveaut\u00e9s, des invitations \u00e0 des sessions, des ressources utiles ou des informations sur les services. <\/li>\n\n\n\n<li><strong>Syst\u00e8me de r\u00e9servation en ligne\u00a0:<\/strong> pour programmer un appel vid\u00e9o ou une session avec vous et vous contacter. Avec votre consentement expr\u00e8s, ces m\u00eames donn\u00e9es pourront \u00e9galement \u00eatre utilis\u00e9es pour des communications ult\u00e9rieures relatives \u00e0 mes services, telles que des rappels, des invitations ou des strat\u00e9gies de marketing l\u00e9gitimes. Vous pourrez toujours vous d\u00e9sinscrire \u00e0 tout moment.  <\/li>\n\n\n\n<li><strong>Formulaires int\u00e9gr\u00e9s\u00a0:<\/strong> pour collecter des donn\u00e9es sp\u00e9cifiques dans des cas ponctuels, avec la m\u00eame finalit\u00e9 d\u00e9crite\u00a0: gestion de votre demande et, si vous l&rsquo;acceptez, communications li\u00e9es \u00e0 mes services.<\/li>\n\n\n\n<li><strong>Cookies techniques et analytiques\u00a0:<\/strong> pour am\u00e9liorer les performances du site et le prot\u00e9ger contre les acc\u00e8s automatis\u00e9s.<\/li>\n<\/ul>\n\n\n\n<p>Vous ne recevrez pas de communications marketing, de bulletins d&rsquo;information ni de ressources automatis\u00e9es, sauf si vous l&rsquo;avez express\u00e9ment accept\u00e9 au moment de fournir vos donn\u00e9es.<\/p>\n\n\n\n<h2 class=\"wp-block-heading\">3. Base juridique du traitement<\/h2>\n\n\n\n<p>Les bases juridiques qui me permettent de traiter vos donn\u00e9es sont\u00a0:<\/p>\n\n\n\n<ul class=\"wp-block-list\">\n<li><strong>Votre consentement<\/strong>\u00a0: lorsque vous remplissez un formulaire ou r\u00e9servez un rendez-vous.<\/li>\n\n\n\n<li><strong>Int\u00e9r\u00eat l\u00e9gitime<\/strong>\u00a0: pour prot\u00e9ger le site web, r\u00e9pondre aux demandes et maintenir sa s\u00e9curit\u00e9 et sa fonctionnalit\u00e9.<\/li>\n\n\n\n<li><strong>Obligation l\u00e9gale<\/strong>\u00a0: au cas o\u00f9 il serait n\u00e9cessaire de conserver certaines donn\u00e9es en raison d&rsquo;une exigence administrative ou r\u00e9glementaire.<\/li>\n<\/ul>\n\n\n\n<h2 class=\"wp-block-heading\">4. Comment je g\u00e8re vos donn\u00e9es<\/h2>\n\n\n\n<p>Afin de pouvoir r\u00e9pondre \u00e0 vos questions, programmer des rendez-vous ou analyser le fonctionnement de ce site web, j&rsquo;utilise des outils num\u00e9riques de gestion, de communication et d&rsquo;analyse qui m&rsquo;aident \u00e0 organiser et \u00e0 automatiser une partie du travail.<\/p>\n\n\n\n<p>Toutes les plateformes que j&rsquo;utilise sont s\u00e9lectionn\u00e9es pour leur engagement en mati\u00e8re de confidentialit\u00e9 et appliquent des mesures techniques et organisationnelles appropri\u00e9es, conform\u00e9ment aux exigences du <strong>R\u00e8glement g\u00e9n\u00e9ral sur la protection des donn\u00e9es (RGPD \u2013 R\u00e8glement UE 2016\/679)<\/strong>.<\/p>\n\n\n\n<p>En aucun cas, je ne partage vos donn\u00e9es avec des tiers \u00e0 des fins commerciales ni ne les c\u00e8de \u00e0 des entit\u00e9s ext\u00e9rieures \u00e0 mon activit\u00e9 professionnelle.<\/p>\n\n\n\n<h2 class=\"wp-block-heading\">5. Combien de temps je conserve vos donn\u00e9es<\/h2>\n\n\n\n<p>Je conserve vos donn\u00e9es personnelles\u00a0:<\/p>\n\n\n\n<ul class=\"wp-block-list\">\n<li><strong>Pendant toute la dur\u00e9e de la relation professionnelle<\/strong>, si nous avons travaill\u00e9 ensemble.<\/li>\n\n\n\n<li><strong>Jusqu&rsquo;\u00e0 ce que vous me demandiez de les supprimer<\/strong>, si vous ne voulez pas que je les conserve.<\/li>\n<\/ul>\n\n\n\n<p>Je ne conserve pas les donn\u00e9es personnelles au-del\u00e0 du temps strictement n\u00e9cessaire pour atteindre la finalit\u00e9 pour laquelle elles ont \u00e9t\u00e9 collect\u00e9es.<\/p>\n\n\n\n<h2 class=\"wp-block-heading\">6. Vos droits<\/h2>\n\n\n\n<p>Vous avez le droit de\u00a0:<\/p>\n\n\n\n<ul class=\"wp-block-list\">\n<li>Savoir quelles donn\u00e9es vous concernant je conserve.<\/li>\n\n\n\n<li>Demander \u00e0 ce que je les modifie si elles sont incorrectes.<\/li>\n\n\n\n<li>Demander \u00e0 ce que je les supprime.<\/li>\n\n\n\n<li>Limiter leur utilisation ou demander \u00e0 ce que je cesse de les utiliser.<\/li>\n\n\n\n<li>Demander une copie de vos donn\u00e9es (portabilit\u00e9).<\/li>\n<\/ul>\n\n\n\n<p>Vous pouvez exercer ces droits en envoyant un courriel \u00e0 <a href=\"mailto:hola@rodrigofabi.com\">hola@rodrigofabi.com<\/a>. Je r\u00e9pondrai dans un d\u00e9lai maximum de 30\u00a0jours. <\/p>\n\n\n\n<p>Et si vous estimez que je ne respecte pas la r\u00e9glementation, vous pouvez d\u00e9poser une r\u00e9clamation aupr\u00e8s de l&rsquo;autorit\u00e9 fran\u00e7aise de protection des donn\u00e9es\u00a0:<\/p>\n\n\n\n<p><strong>Commission Nationale de l\u2019Informatique et des Libert\u00e9s (CNIL)<\/strong><br\/><a href=\"https:\/\/www.cnil.fr\" rel=\"nofollow noopener\" target=\"_blank\">https:\/\/www.cnil.fr<\/a><\/p>\n\n\n\n<h2 class=\"wp-block-heading\">7. S\u00e9curit\u00e9<\/h2>\n\n\n\n<p>J&rsquo;applique des mesures techniques et organisationnelles raisonnables pour prot\u00e9ger vos donn\u00e9es. Malgr\u00e9 cela, aucun site web n&rsquo;est s\u00fbr \u00e0 100\u202f%. Si une violation ou un acc\u00e8s indu se produisait, je le communiquerai dans les d\u00e9lais fix\u00e9s par la r\u00e9glementation.  <\/p>\n\n\n\n<h2 class=\"wp-block-heading\">8. Modifications de cette politique<\/h2>\n\n\n\n<p>Je peux mettre \u00e0 jour cette politique si la l\u00e9gislation ou la fa\u00e7on dont je travaille change. La version en vigueur sera toujours publi\u00e9e ici, avec sa date de derni\u00e8re modification. <\/p>\n\n\n\n<p><strong>Derni\u00e8re mise \u00e0 jour\u00a0: septembre\u00a02025<\/strong><\/p>\n<\/div><\/div>\n","protected":false},"excerpt":{"rendered":"<p>Version 3.0 \u2013 septembre 2025 Sur cette page, je vous explique comment je collecte, utilise et prot\u00e8ge les donn\u00e9es personnelles que vous saisissez lorsque vous naviguez ou me contactez via www.rodrigofabi.com. Si vous \u00eates arriv\u00e9 jusqu&rsquo;ici, je vous remercie de votre int\u00e9r\u00eat et de votre confiance. 1. Responsable du traitement Je suis le responsable du [&hellip;]<\/p>\n","protected":false},"author":3,"featured_media":0,"parent":0,"menu_order":0,"comment_status":"closed","ping_status":"open","template":"","meta":{"_uag_custom_page_level_css":"","site-sidebar-layout":"default","site-content-layout":"","ast-site-content-layout":"default","site-content-style":"default","site-sidebar-style":"default","ast-global-header-display":"","ast-banner-title-visibility":"","ast-main-header-display":"","ast-hfb-above-header-display":"","ast-hfb-below-header-display":"","ast-hfb-mobile-header-display":"","site-post-title":"disabled","ast-breadcrumbs-content":"","ast-featured-img":"","footer-sml-layout":"","ast-disable-related-posts":"","theme-transparent-header-meta":"","adv-header-id-meta":"","stick-header-meta":"","header-above-stick-meta":"","header-main-stick-meta":"","header-below-stick-meta":"","astra-migrate-meta-layouts":"default","ast-page-background-enabled":"default","ast-page-background-meta":{"desktop":{"background-color":"","background-image":"","background-repeat":"repeat","background-position":"center center","background-size":"auto","background-attachment":"scroll","background-type":"","background-media":"","overlay-type":"","overlay-color":"","overlay-opacity":"","overlay-gradient":""},"tablet":{"background-color":"","background-image":"","background-repeat":"repeat","background-position":"center center","background-size":"auto","background-attachment":"scroll","background-type":"","background-media":"","overlay-type":"","overlay-color":"","overlay-opacity":"","overlay-gradient":""},"mobile":{"background-color":"","background-image":"","background-repeat":"repeat","background-position":"center center","background-size":"auto","background-attachment":"scroll","background-type":"","background-media":"","overlay-type":"","overlay-color":"","overlay-opacity":"","overlay-gradient":""}},"ast-content-background-meta":{"desktop":{"background-color":"var(--ast-global-color-5)","background-image":"","background-repeat":"repeat","background-position":"center center","background-size":"auto","background-attachment":"scroll","background-type":"","background-media":"","overlay-type":"","overlay-color":"","overlay-opacity":"","overlay-gradient":""},"tablet":{"background-color":"var(--ast-global-color-5)","background-image":"","background-repeat":"repeat","background-position":"center center","background-size":"auto","background-attachment":"scroll","background-type":"","background-media":"","overlay-type":"","overlay-color":"","overlay-opacity":"","overlay-gradient":""},"mobile":{"background-color":"var(--ast-global-color-5)","background-image":"","background-repeat":"repeat","background-position":"center center","background-size":"auto","background-attachment":"scroll","background-type":"","background-media":"","overlay-type":"","overlay-color":"","overlay-opacity":"","overlay-gradient":""}},"footnotes":""},"class_list":["post-2243","page","type-page","status-publish","hentry"],"uagb_featured_image_src":{"full":false,"thumbnail":false,"medium":false,"medium_large":false,"large":false,"1536x1536":false,"2048x2048":false},"uagb_author_info":{"display_name":"Rodrigo Fabi","author_link":"https:\/\/rodrigofabi.com\/fr\/author\/rodrigo\/"},"uagb_comment_info":0,"uagb_excerpt":"Version 3.0 \u2013 septembre 2025 Sur cette page, je vous explique comment je collecte, utilise et prot\u00e8ge les donn\u00e9es personnelles que vous saisissez lorsque vous naviguez ou me contactez via www.rodrigofabi.com. Si vous \u00eates arriv\u00e9 jusqu&rsquo;ici, je vous remercie de votre int\u00e9r\u00eat et de votre confiance. 1. Responsable du traitement Je suis le responsable du\u2026","_links":{"self":[{"href":"https:\/\/rodrigofabi.com\/fr\/wp-json\/wp\/v2\/pages\/2243","targetHints":{"allow":["GET"]}}],"collection":[{"href":"https:\/\/rodrigofabi.com\/fr\/wp-json\/wp\/v2\/pages"}],"about":[{"href":"https:\/\/rodrigofabi.com\/fr\/wp-json\/wp\/v2\/types\/page"}],"author":[{"embeddable":true,"href":"https:\/\/rodrigofabi.com\/fr\/wp-json\/wp\/v2\/users\/3"}],"replies":[{"embeddable":true,"href":"https:\/\/rodrigofabi.com\/fr\/wp-json\/wp\/v2\/comments?post=2243"}],"version-history":[{"count":1,"href":"https:\/\/rodrigofabi.com\/fr\/wp-json\/wp\/v2\/pages\/2243\/revisions"}],"predecessor-version":[{"id":2244,"href":"https:\/\/rodrigofabi.com\/fr\/wp-json\/wp\/v2\/pages\/2243\/revisions\/2244"}],"wp:attachment":[{"href":"https:\/\/rodrigofabi.com\/fr\/wp-json\/wp\/v2\/media?parent=2243"}],"curies":[{"name":"wp","href":"https:\/\/api.w.org\/{rel}","templated":true}]}}